{"id":405,"date":"2022-10-31T12:52:37","date_gmt":"2022-10-31T12:52:37","guid":{"rendered":"https:\/\/lab3.shufflehound.com\/interior-design-shop\/?page_id=405"},"modified":"2022-10-31T12:52:37","modified_gmt":"2022-10-31T12:52:37","slug":"blog","status":"publish","type":"page","link":"https:\/\/haste.shufflehound.com\/home-decor-store\/blog\/","title":{"rendered":"Blog"},"content":{"rendered":"\t\t<div data-elementor-type=\"wp-page\" data-elementor-id=\"405\" class=\"elementor elementor-405\">\n\t\t\t\t\t\t\t\t\t<section class=\"elementor-section elementor-top-section elementor-element elementor-element-e668fee elementor-section-boxed elementor-section-height-default elementor-section-height-default\" data-id=\"e668fee\" data-element_type=\"section\">\n\t\t\t\t\t\t<div class=\"elementor-container elementor-column-gap-wide\">\n\t\t\t\t\t<div class=\"elementor-column elementor-col-100 elementor-top-column elementor-element elementor-element-027d1c9\" data-id=\"027d1c9\" data-element_type=\"column\">\n\t\t\t<div class=\"elementor-widget-wrap elementor-element-populated\">\n\t\t\t\t\t\t\t\t<section class=\"elementor-section elementor-inner-section elementor-element elementor-element-890566d elementor-section-content-middle elementor-section-boxed elementor-section-height-default elementor-section-height-default\" data-id=\"890566d\" data-element_type=\"section\">\n\t\t\t\t\t\t<div class=\"elementor-container elementor-column-gap-no\">\n\t\t\t\t\t<div class=\"elementor-column elementor-col-100 elementor-inner-column elementor-element elementor-element-ebb3c2c\" data-id=\"ebb3c2c\" data-element_type=\"column\">\n\t\t\t<div class=\"elementor-widget-wrap elementor-element-populated\">\n\t\t\t\t\t\t\t\t<div class=\"elementor-element elementor-element-6f38781 elementor-widget elementor-widget-haste-heading\" data-id=\"6f38781\" data-element_type=\"widget\" data-widget_type=\"haste-heading.default\">\n\t\t\t\t<div class=\"elementor-widget-container\">\n\t\t\t\r\n\t\t\t<div class=\"sh-heading\">\r\n\t\t\t\t\r\n\t\t\t\t\t<h2 class=\"sh-heading-content\">\r\n\t\t\t\t\t\t<span class=\"sh-line-before-text\"><\/span>\r\n\t\t\t\t\t\tTasty Articles\t\t\t\t\t<\/h2>\r\n\r\n\t\t\t\t\t\t\t<\/div>\r\n\r\n\t\t\t\t<\/div>\n\t\t\t\t<\/div>\n\t\t\t\t\t<\/div>\n\t\t<\/div>\n\t\t\t\t\t\t\t<\/div>\n\t\t<\/section>\n\t\t\t\t<div class=\"elementor-element elementor-element-9e4928c elementor-widget elementor-widget-haste-spacer\" data-id=\"9e4928c\" data-element_type=\"widget\" data-widget_type=\"haste-spacer.default\">\n\t\t\t\t<div class=\"elementor-widget-container\">\n\t\t\t        <div class=\"sh-spacer\"><\/div>\r\n        \t\t<\/div>\n\t\t\t\t<\/div>\n\t\t\t\t<div class=\"elementor-element elementor-element-d3bd72b sh-blog-element-order-title-first swiper-scrollbar-status-on swiper-full-width-on elementor-widget elementor-widget-haste-blog-posts\" data-id=\"d3bd72b\" data-element_type=\"widget\" data-widget_type=\"haste-blog-posts.default\">\n\t\t\t\t<div class=\"elementor-widget-container\">\n\t\t\t\r\n\t\t\t<div class=\"sh-blog-container\">\r\n\t\t\t\t<div class=\"sh-blog sh-columns-2 sh-overlay-background-off sh-overlay-background-blur-off sh-overlay-animation-zoom-in sh-blog-aspect-ratio-square\">\r\n\t\t\t\t\t\r\n<article id=\"post-544\" class=\"sh-blog-item swiper-slide sh-blog-layout-basic  post-544 post type-post status-publish format-standard has-post-thumbnail hentry category-home-decor tag-bike tag-design tag-interior\">\r\n    <div class=\"sh-item-container\">\r\n        <div class=\"sh-blog-item-container haste-animate\" data-animate=\"fadeup\">\r\n                        <div class=\"sh-blog-item-media-container\">\r\n                <div class=\"sh-blog-item-media\">\r\n                    \r\n                <a href=\"https:\/\/haste.shufflehound.com\/home-decor-store\/2022\/11\/02\/how-to-integrate-ordinary-things-in-home-decor\/\">\r\n                    <div class=\"haste-image\"><img width=\"880\" height=\"660\" src=\"https:\/\/haste.shufflehound.com\/home-decor-store\/wp-content\/uploads\/sites\/16\/2022\/11\/Blog-1-880x660.jpg\" class=\"attachment-haste-landscape-880x660 size-haste-landscape-880x660 wp-post-image\" alt=\"\" loading=\"lazy\" \/><\/div>                <\/a>\r\n\r\n        \r\n\r\n\r\n\r\n<a href=\"https:\/\/haste.shufflehound.com\/home-decor-store\/2022\/11\/02\/how-to-integrate-ordinary-things-in-home-decor\/\" class=\"sh-overlay\"><\/a>\r\n\r\n\r\n<div class=\"sh-overlay-meta sh-overlay-meta-top\">\r\n    <\/div>\r\n\r\n\r\n<div class=\"sh-overlay-meta sh-overlay-meta-bottom\">\r\n    <\/div>                <\/div>\r\n            <\/div>\r\n            \r\n                        <div class=\"sh-blog-item-content sh-blog-meta-categories-not-boxed\">\r\n                <div class=\"sh-blog-item-meta\">            <div class=\"sh-blog-meta-categories\">\r\n                \r\n                    <a class=\"sh-blog-meta-categories-item sh-blog-meta-categories-item-in\">\r\n                        In\r\n                    <\/a>\r\n                        <a href=\"https:\/\/haste.shufflehound.com\/home-decor-store\/category\/home-decor\/\" class=\"sh-blog-meta-categories-item\" style=\"\">\r\n                            Home D\u00e9cor\r\n                        <\/a>            <\/div>\r\n        \r\n                <div class=\"sh-meta-date\">\r\n                    <a href=\"https:\/\/haste.shufflehound.com\/home-decor-store\/2022\/11\/02\/how-to-integrate-ordinary-things-in-home-decor\/\">\r\n                        3 years ago\r\n                    <\/a>\r\n                <\/div><\/div>            <a href=\"https:\/\/haste.shufflehound.com\/home-decor-store\/2022\/11\/02\/how-to-integrate-ordinary-things-in-home-decor\/\" class=\"sh-blog-item-title-container\">\r\n                <h3 class=\"sh-blog-item-title\">\r\n                    How to Integrate Ordinary Things in Home Decor                <\/h3>\r\n            <\/a>\r\n                    <\/div>\r\n\r\n                    <\/div>\r\n\r\n            <\/div>\r\n<\/article>\r\n\r\n<article id=\"post-543\" class=\"sh-blog-item swiper-slide sh-blog-layout-basic  post-543 post type-post status-publish format-standard has-post-thumbnail hentry category-home-decor tag-decoration tag-how-to tag-list\">\r\n    <div class=\"sh-item-container\">\r\n        <div class=\"sh-blog-item-container haste-animate\" data-animate=\"fadeup\">\r\n                        <div class=\"sh-blog-item-media-container\">\r\n                <div class=\"sh-blog-item-media\">\r\n                    \r\n                <a href=\"https:\/\/haste.shufflehound.com\/home-decor-store\/2022\/11\/02\/why-you-need-checklist-for-redecorating\/\">\r\n                    <div class=\"haste-image\"><img width=\"880\" height=\"660\" src=\"https:\/\/haste.shufflehound.com\/home-decor-store\/wp-content\/uploads\/sites\/16\/2022\/11\/Blog-2-880x660.jpg\" class=\"attachment-haste-landscape-880x660 size-haste-landscape-880x660 wp-post-image\" alt=\"\" loading=\"lazy\" \/><\/div>                <\/a>\r\n\r\n        \r\n\r\n\r\n\r\n<a href=\"https:\/\/haste.shufflehound.com\/home-decor-store\/2022\/11\/02\/why-you-need-checklist-for-redecorating\/\" class=\"sh-overlay\"><\/a>\r\n\r\n\r\n<div class=\"sh-overlay-meta sh-overlay-meta-top\">\r\n    <\/div>\r\n\r\n\r\n<div class=\"sh-overlay-meta sh-overlay-meta-bottom\">\r\n    <\/div>                <\/div>\r\n            <\/div>\r\n            \r\n                        <div class=\"sh-blog-item-content sh-blog-meta-categories-not-boxed\">\r\n                <div class=\"sh-blog-item-meta\">            <div class=\"sh-blog-meta-categories\">\r\n                \r\n                    <a class=\"sh-blog-meta-categories-item sh-blog-meta-categories-item-in\">\r\n                        In\r\n                    <\/a>\r\n                        <a href=\"https:\/\/haste.shufflehound.com\/home-decor-store\/category\/home-decor\/\" class=\"sh-blog-meta-categories-item\" style=\"\">\r\n                            Home D\u00e9cor\r\n                        <\/a>            <\/div>\r\n        \r\n                <div class=\"sh-meta-date\">\r\n                    <a href=\"https:\/\/haste.shufflehound.com\/home-decor-store\/2022\/11\/02\/why-you-need-checklist-for-redecorating\/\">\r\n                        3 years ago\r\n                    <\/a>\r\n                <\/div><\/div>            <a href=\"https:\/\/haste.shufflehound.com\/home-decor-store\/2022\/11\/02\/why-you-need-checklist-for-redecorating\/\" class=\"sh-blog-item-title-container\">\r\n                <h3 class=\"sh-blog-item-title\">\r\n                    Why You Need Checklist For Redecorating                <\/h3>\r\n            <\/a>\r\n                    <\/div>\r\n\r\n                    <\/div>\r\n\r\n            <\/div>\r\n<\/article>\r\n\r\n<article id=\"post-307\" class=\"sh-blog-item swiper-slide sh-blog-layout-basic  post-307 post type-post status-publish format-standard has-post-thumbnail hentry category-home-decor tag-doggo tag-inspiration tag-motivation\">\r\n    <div class=\"sh-item-container\">\r\n        <div class=\"sh-blog-item-container haste-animate\" data-animate=\"fadeup\">\r\n                        <div class=\"sh-blog-item-media-container\">\r\n                <div class=\"sh-blog-item-media\">\r\n                    \r\n                <a href=\"https:\/\/haste.shufflehound.com\/home-decor-store\/2022\/10\/28\/the-doggo-who-inspired-me-to-do-better\/\">\r\n                    <div class=\"haste-image\"><img width=\"880\" height=\"660\" src=\"https:\/\/haste.shufflehound.com\/home-decor-store\/wp-content\/uploads\/sites\/16\/2022\/11\/Blog-3-880x660.jpg\" class=\"attachment-haste-landscape-880x660 size-haste-landscape-880x660 wp-post-image\" alt=\"\" loading=\"lazy\" \/><\/div>                <\/a>\r\n\r\n        \r\n\r\n\r\n\r\n<a href=\"https:\/\/haste.shufflehound.com\/home-decor-store\/2022\/10\/28\/the-doggo-who-inspired-me-to-do-better\/\" class=\"sh-overlay\"><\/a>\r\n\r\n\r\n<div class=\"sh-overlay-meta sh-overlay-meta-top\">\r\n    <\/div>\r\n\r\n\r\n<div class=\"sh-overlay-meta sh-overlay-meta-bottom\">\r\n    <\/div>                <\/div>\r\n            <\/div>\r\n            \r\n                        <div class=\"sh-blog-item-content sh-blog-meta-categories-not-boxed\">\r\n                <div class=\"sh-blog-item-meta\">            <div class=\"sh-blog-meta-categories\">\r\n                \r\n                    <a class=\"sh-blog-meta-categories-item sh-blog-meta-categories-item-in\">\r\n                        In\r\n                    <\/a>\r\n                        <a href=\"https:\/\/haste.shufflehound.com\/home-decor-store\/category\/home-decor\/\" class=\"sh-blog-meta-categories-item\" style=\"\">\r\n                            Home D\u00e9cor\r\n                        <\/a>            <\/div>\r\n        \r\n                <div class=\"sh-meta-date\">\r\n                    <a href=\"https:\/\/haste.shufflehound.com\/home-decor-store\/2022\/10\/28\/the-doggo-who-inspired-me-to-do-better\/\">\r\n                        3 years ago\r\n                    <\/a>\r\n                <\/div><\/div>            <a href=\"https:\/\/haste.shufflehound.com\/home-decor-store\/2022\/10\/28\/the-doggo-who-inspired-me-to-do-better\/\" class=\"sh-blog-item-title-container\">\r\n                <h3 class=\"sh-blog-item-title\">\r\n                    The Doggo Who Inspired Me To Do Better                <\/h3>\r\n            <\/a>\r\n                    <\/div>\r\n\r\n                    <\/div>\r\n\r\n            <\/div>\r\n<\/article>\r\n\r\n<article id=\"post-305\" class=\"sh-blog-item swiper-slide sh-blog-layout-basic  post-305 post type-post status-publish format-standard has-post-thumbnail hentry category-home-decor tag-couch tag-livingroom tag-position tag-zen\">\r\n    <div class=\"sh-item-container\">\r\n        <div class=\"sh-blog-item-container haste-animate\" data-animate=\"fadeup\">\r\n                        <div class=\"sh-blog-item-media-container\">\r\n                <div class=\"sh-blog-item-media\">\r\n                    \r\n                <a href=\"https:\/\/haste.shufflehound.com\/home-decor-store\/2022\/10\/28\/how-to-position-couch-in-the-livingroom\/\">\r\n                    <div class=\"haste-image\"><img width=\"880\" height=\"660\" src=\"https:\/\/haste.shufflehound.com\/home-decor-store\/wp-content\/uploads\/sites\/16\/2022\/11\/Blog-4-880x660.jpg\" class=\"attachment-haste-landscape-880x660 size-haste-landscape-880x660 wp-post-image\" alt=\"\" loading=\"lazy\" \/><\/div>                <\/a>\r\n\r\n        \r\n\r\n\r\n\r\n<a href=\"https:\/\/haste.shufflehound.com\/home-decor-store\/2022\/10\/28\/how-to-position-couch-in-the-livingroom\/\" class=\"sh-overlay\"><\/a>\r\n\r\n\r\n<div class=\"sh-overlay-meta sh-overlay-meta-top\">\r\n    <\/div>\r\n\r\n\r\n<div class=\"sh-overlay-meta sh-overlay-meta-bottom\">\r\n    <\/div>                <\/div>\r\n            <\/div>\r\n            \r\n                        <div class=\"sh-blog-item-content sh-blog-meta-categories-not-boxed\">\r\n                <div class=\"sh-blog-item-meta\">            <div class=\"sh-blog-meta-categories\">\r\n                \r\n                    <a class=\"sh-blog-meta-categories-item sh-blog-meta-categories-item-in\">\r\n                        In\r\n                    <\/a>\r\n                        <a href=\"https:\/\/haste.shufflehound.com\/home-decor-store\/category\/home-decor\/\" class=\"sh-blog-meta-categories-item\" style=\"\">\r\n                            Home D\u00e9cor\r\n                        <\/a>            <\/div>\r\n        \r\n                <div class=\"sh-meta-date\">\r\n                    <a href=\"https:\/\/haste.shufflehound.com\/home-decor-store\/2022\/10\/28\/how-to-position-couch-in-the-livingroom\/\">\r\n                        3 years ago\r\n                    <\/a>\r\n                <\/div><\/div>            <a href=\"https:\/\/haste.shufflehound.com\/home-decor-store\/2022\/10\/28\/how-to-position-couch-in-the-livingroom\/\" class=\"sh-blog-item-title-container\">\r\n                <h3 class=\"sh-blog-item-title\">\r\n                    How To Position Couch In The Livingroom                <\/h3>\r\n            <\/a>\r\n                    <\/div>\r\n\r\n                    <\/div>\r\n\r\n            <\/div>\r\n<\/article>\r\n\r\n<article id=\"post-303\" class=\"sh-blog-item swiper-slide sh-blog-layout-basic  post-303 post type-post status-publish format-standard has-post-thumbnail hentry category-home-decor tag-decoration tag-finance tag-how-to\">\r\n    <div class=\"sh-item-container\">\r\n        <div class=\"sh-blog-item-container haste-animate\" data-animate=\"fadeup\">\r\n                        <div class=\"sh-blog-item-media-container\">\r\n                <div class=\"sh-blog-item-media\">\r\n                    \r\n                <a href=\"https:\/\/haste.shufflehound.com\/home-decor-store\/2022\/10\/28\/how-to-plan-your-budget-for-redecoration\/\">\r\n                    <div class=\"haste-image\"><img width=\"880\" height=\"660\" src=\"https:\/\/haste.shufflehound.com\/home-decor-store\/wp-content\/uploads\/sites\/16\/2022\/11\/Blog-5-880x660.jpg\" class=\"attachment-haste-landscape-880x660 size-haste-landscape-880x660 wp-post-image\" alt=\"\" loading=\"lazy\" \/><\/div>                <\/a>\r\n\r\n        \r\n\r\n\r\n\r\n<a href=\"https:\/\/haste.shufflehound.com\/home-decor-store\/2022\/10\/28\/how-to-plan-your-budget-for-redecoration\/\" class=\"sh-overlay\"><\/a>\r\n\r\n\r\n<div class=\"sh-overlay-meta sh-overlay-meta-top\">\r\n    <\/div>\r\n\r\n\r\n<div class=\"sh-overlay-meta sh-overlay-meta-bottom\">\r\n    <\/div>                <\/div>\r\n            <\/div>\r\n            \r\n                        <div class=\"sh-blog-item-content sh-blog-meta-categories-not-boxed\">\r\n                <div class=\"sh-blog-item-meta\">            <div class=\"sh-blog-meta-categories\">\r\n                \r\n                    <a class=\"sh-blog-meta-categories-item sh-blog-meta-categories-item-in\">\r\n                        In\r\n                    <\/a>\r\n                        <a href=\"https:\/\/haste.shufflehound.com\/home-decor-store\/category\/home-decor\/\" class=\"sh-blog-meta-categories-item\" style=\"\">\r\n                            Home D\u00e9cor\r\n                        <\/a>            <\/div>\r\n        \r\n                <div class=\"sh-meta-date\">\r\n                    <a href=\"https:\/\/haste.shufflehound.com\/home-decor-store\/2022\/10\/28\/how-to-plan-your-budget-for-redecoration\/\">\r\n                        3 years ago\r\n                    <\/a>\r\n                <\/div><\/div>            <a href=\"https:\/\/haste.shufflehound.com\/home-decor-store\/2022\/10\/28\/how-to-plan-your-budget-for-redecoration\/\" class=\"sh-blog-item-title-container\">\r\n                <h3 class=\"sh-blog-item-title\">\r\n                    How To Plan Your Budget For Redecoration                <\/h3>\r\n            <\/a>\r\n                    <\/div>\r\n\r\n                    <\/div>\r\n\r\n            <\/div>\r\n<\/article>\r\n\t\t\t\t<\/div>\r\n\t\t\t<\/div>\r\n\r\n\t\t\t\r\n        \t\t<\/div>\n\t\t\t\t<\/div>\n\t\t\t\t\t<\/div>\n\t\t<\/div>\n\t\t\t\t\t\t\t<\/div>\n\t\t<\/section>\n\t\t\t\t\t\t\t<\/div>\n\t\t","protected":false},"excerpt":{"rendered":"<p>Tasty Articles In Home D\u00e9cor 1 week ago How to Integrate Ordinary Things in Home Decor In Home D\u00e9cor 1 week ago Why You Need Checklist For Redecorating In Home D\u00e9cor 2 weeks ago The Doggo Who Inspired Me To Do Better In Home D\u00e9cor 2 weeks ago The king of the kings! Super-massive munchie&#8230;<\/p>\n","protected":false},"author":1,"featured_media":0,"parent":0,"menu_order":0,"comment_status":"closed","ping_status":"closed","template":"","meta":[],"_links":{"self":[{"href":"https:\/\/haste.shufflehound.com\/home-decor-store\/wp-json\/wp\/v2\/pages\/405"}],"collection":[{"href":"https:\/\/haste.shufflehound.com\/home-decor-store\/wp-json\/wp\/v2\/pages"}],"about":[{"href":"https:\/\/haste.shufflehound.com\/home-decor-store\/wp-json\/wp\/v2\/types\/page"}],"author":[{"embeddable":true,"href":"https:\/\/haste.shufflehound.com\/home-decor-store\/wp-json\/wp\/v2\/users\/1"}],"replies":[{"embeddable":true,"href":"https:\/\/haste.shufflehound.com\/home-decor-store\/wp-json\/wp\/v2\/comments?post=405"}],"version-history":[{"count":0,"href":"https:\/\/haste.shufflehound.com\/home-decor-store\/wp-json\/wp\/v2\/pages\/405\/revisions"}],"wp:attachment":[{"href":"https:\/\/haste.shufflehound.com\/home-decor-store\/wp-json\/wp\/v2\/media?parent=405"}],"curies":[{"name":"wp","href":"https:\/\/api.w.org\/{rel}","templated":true}]}}